{"id":10,"date":"2025-11-25T20:29:15","date_gmt":"2025-11-25T19:29:15","guid":{"rendered":"https:\/\/sanvetia.ch\/?page_id=10"},"modified":"2026-03-15T12:22:27","modified_gmt":"2026-03-15T11:22:27","slug":"startseite","status":"publish","type":"page","link":"https:\/\/sanvetia.ch\/","title":{"rendered":"Startseite"},"content":{"rendered":"\n<figure class=\"wp-block-image alignfull size-full is-style-default\"><img loading=\"lazy\" decoding=\"async\" width=\"2560\" height=\"797\" src=\"https:\/\/sanvetia.ch\/wp-content\/uploads\/2026\/03\/01-finales-Bild_PA88428.jpeg\" alt=\"\" class=\"wp-image-536\" srcset=\"https:\/\/sanvetia.ch\/wp-content\/uploads\/2026\/03\/01-finales-Bild_PA88428.jpeg 2560w, https:\/\/sanvetia.ch\/wp-content\/uploads\/2026\/03\/01-finales-Bild_PA88428-300x93.jpeg 300w, https:\/\/sanvetia.ch\/wp-content\/uploads\/2026\/03\/01-finales-Bild_PA88428-1024x319.jpeg 1024w, https:\/\/sanvetia.ch\/wp-content\/uploads\/2026\/03\/01-finales-Bild_PA88428-768x239.jpeg 768w, https:\/\/sanvetia.ch\/wp-content\/uploads\/2026\/03\/01-finales-Bild_PA88428-1536x478.jpeg 1536w, https:\/\/sanvetia.ch\/wp-content\/uploads\/2026\/03\/01-finales-Bild_PA88428-2048x638.jpeg 2048w\" sizes=\"auto, (max-width: 2560px) 100vw, 2560px\" \/><\/figure>\n\n\n\n<h1 class=\"wp-block-heading has-medium-font-size\"><strong><strong>SanVetia &#8211; die Genossenschaft um Gesundheitsversorgung gemeinschaftlich und regional neu zu denken<\/strong><\/strong><\/h1>\n\n\n\n<p>F\u00fcr die Bev\u00f6lkerung, f\u00fcr Fachpersonen, f\u00fcr Gemeinden, insgesamt f\u00fcr die ganze Volkswirtschaft bietet eine regional organisierte medizinische Grundversorgung zahlreiche Vorteile: <\/p>\n\n\n\n<ul class=\"wp-block-list\">\n<li>Verlass auf wohnortnahe Versorgung<\/li>\n\n\n\n<li>Erhalt von Arbeitspl\u00e4tzen und lokaler Wertsch\u00f6pfung<\/li>\n\n\n\n<li>Sicherung regionaler Strukturen und Lebensqualit\u00e4t<\/li>\n\n\n\n<li>Reduktion der Abwanderung<\/li>\n\n\n\n<li>Zuzug von Familien und Fachpersonen<\/li>\n\n\n\n<li>Leben und Arbeiten in einer wundersch\u00f6nen Region mit vielen Vorz\u00fcgen<\/li>\n\n\n\n<li>St\u00e4rkung der medizinischen R\u00fcckfallebene<\/li>\n\n\n\n<li>interdisziplin\u00e4re Zusammenarbeit und einiges mehr<\/li>\n<\/ul>\n\n\n\n<p>Um gute L\u00f6sungen zu finden, braucht es den Willen, offen vorw\u00e4rts zu schauen und den Dialog und Austausch zwischen Anbietenden und Nutzenden zu pflegen.<br><br><strong>Daf\u00fcr setzt sich SanVetia ein.<\/strong><\/p>\n\n\n\n<p><\/p>\n","protected":false},"excerpt":{"rendered":"<p>SanVetia &#8211; die Genossenschaft um Gesundheitsversorgung gemeinschaftlich und regional neu zu denken F\u00fcr die Bev\u00f6lkerung, f\u00fcr Fachpersonen, f\u00fcr Gemeinden, insgesamt [&hellip;]<\/p>\n","protected":false},"author":1,"featured_media":0,"parent":0,"menu_order":0,"comment_status":"closed","ping_status":"closed","template":"","meta":{"site-sidebar-layout":"default","site-content-layout":"","ast-site-content-layout":"default","site-content-style":"default","site-sidebar-style":"default","ast-global-header-display":"","ast-banner-title-visibility":"","ast-main-header-display":"","ast-hfb-above-header-display":"","ast-hfb-below-header-display":"","ast-hfb-mobile-header-display":"","site-post-title":"disabled","ast-breadcrumbs-content":"","ast-featured-img":"","footer-sml-layout":"","ast-disable-related-posts":"","theme-transparent-header-meta":"","adv-header-id-meta":"","stick-header-meta":"","header-above-stick-meta":"","header-main-stick-meta":"","header-below-stick-meta":"","astra-migrate-meta-layouts":"default","ast-page-background-enabled":"default","ast-page-background-meta":{"desktop":{"background-color":"var(--ast-global-color-5)","background-image":"","background-repeat":"repeat","background-position":"center center","background-size":"auto","background-attachment":"scroll","background-type":"","background-media":"","overlay-type":"","overlay-color":"","overlay-opacity":"","overlay-gradient":""},"tablet":{"background-color":"","background-image":"","background-repeat":"repeat","background-position":"center center","background-size":"auto","background-attachment":"scroll","background-type":"","background-media":"","overlay-type":"","overlay-color":"","overlay-opacity":"","overlay-gradient":""},"mobile":{"background-color":"","background-image":"","background-repeat":"repeat","background-position":"center center","background-size":"auto","background-attachment":"scroll","background-type":"","background-media":"","overlay-type":"","overlay-color":"","overlay-opacity":"","overlay-gradient":""}},"ast-content-background-meta":{"desktop":{"background-color":"var(--ast-global-color-4)","background-image":"","background-repeat":"repeat","background-position":"center center","background-size":"auto","background-attachment":"scroll","background-type":"","background-media":"","overlay-type":"","overlay-color":"","overlay-opacity":"","overlay-gradient":""},"tablet":{"background-color":"var(--ast-global-color-4)","background-image":"","background-repeat":"repeat","background-position":"center center","background-size":"auto","background-attachment":"scroll","background-type":"","background-media":"","overlay-type":"","overlay-color":"","overlay-opacity":"","overlay-gradient":""},"mobile":{"background-color":"var(--ast-global-color-4)","background-image":"","background-repeat":"repeat","background-position":"center center","background-size":"auto","background-attachment":"scroll","background-type":"","background-media":"","overlay-type":"","overlay-color":"","overlay-opacity":"","overlay-gradient":""}},"footnotes":""},"class_list":["post-10","page","type-page","status-publish","hentry"],"_links":{"self":[{"href":"https:\/\/sanvetia.ch\/index.php?rest_route=\/wp\/v2\/pages\/10","targetHints":{"allow":["GET"]}}],"collection":[{"href":"https:\/\/sanvetia.ch\/index.php?rest_route=\/wp\/v2\/pages"}],"about":[{"href":"https:\/\/sanvetia.ch\/index.php?rest_route=\/wp\/v2\/types\/page"}],"author":[{"embeddable":true,"href":"https:\/\/sanvetia.ch\/index.php?rest_route=\/wp\/v2\/users\/1"}],"replies":[{"embeddable":true,"href":"https:\/\/sanvetia.ch\/index.php?rest_route=%2Fwp%2Fv2%2Fcomments&post=10"}],"version-history":[{"count":26,"href":"https:\/\/sanvetia.ch\/index.php?rest_route=\/wp\/v2\/pages\/10\/revisions"}],"predecessor-version":[{"id":658,"href":"https:\/\/sanvetia.ch\/index.php?rest_route=\/wp\/v2\/pages\/10\/revisions\/658"}],"wp:attachment":[{"href":"https:\/\/sanvetia.ch\/index.php?rest_route=%2Fwp%2Fv2%2Fmedia&parent=10"}],"curies":[{"name":"wp","href":"https:\/\/api.w.org\/{rel}","templated":true}]}}