{"id":116,"date":"2026-02-28T16:24:06","date_gmt":"2026-02-28T15:24:06","guid":{"rendered":"https:\/\/sanvetia.ch\/?page_id=116"},"modified":"2026-03-16T10:18:48","modified_gmt":"2026-03-16T09:18:48","slug":"warum-sanvetia","status":"publish","type":"page","link":"https:\/\/sanvetia.ch\/?page_id=116","title":{"rendered":"Warum SanVetia"},"content":{"rendered":"\n<h2 class=\"wp-block-heading has-ast-global-color-3-color has-text-color has-link-color wp-elements-37f6590b6d21496ddb41bf40a8fbdbc6\"><br><strong>Warum SanVetia<\/strong><\/h2>\n\n\n\n<p><\/p>\n\n\n\n<p>Die SanVetia ist eine gemeinwohlorientierte Genossenschaft, die die wohnortnahe Gesundheitsversorgung langfristig sichern will. Sie wird demokratisch von ihren Mitgliedern getragen &#8211; jede Stimme z\u00e4hlt. <br>Die Genossenschaft ist nicht nur eine Rechtsform, sondern Ausdruck einer Haltung: Miteinander, vorausschauend und vertrauensbildend. Mitglieder k\u00f6nnen Privatpersonen, Gemeinden, Institutionen oder Unternehmen sein.<\/p>\n\n\n\n<ul class=\"wp-block-list\">\n<li>Mitgliedschaft f\u00fcr alle m\u00f6glich, die Verantwortung in der Region mittragen und die Gesundheitsversorgung mitgestalten wollen<\/li>\n\n\n\n<li>Verwaltung mit regionalem Bezug und Interesse<\/li>\n\n\n\n<li>Anteilscheine \/ Mitsprache<\/li>\n\n\n\n<li>Eintrag im Handelsregister<\/li>\n<\/ul>\n\n\n\n<p>Der Name SanVetia besteht aus der Kombination von <br>Sant\u00e9, lateinisch Sanitas = Gesundheit, Wohlbefinden, Heilung und <br>Helvetia = Repr\u00e4sentationsfigur der Schweiz, Schutz, Unabh\u00e4ngigkeit.<br>Der Zusatz \u00abGesundheitsversorgung\u00bb dient der klaren Zuordnung der Dienstleistung.<\/p>\n\n\n\n<p>Die Farben stellen folgende Eigenschaften dar:<\/p>\n\n\n\n<ul class=\"wp-block-list\">\n<li>Gr\u00fcn: Gesundheit, Heilung, Natur (Land), Wachstum, Neues, Harmonie (R\u00fccksicht, Miteinander)<\/li>\n\n\n\n<li>Orange: Inspiration, Energie, Willenskraft, Optimismus, Vitalit\u00e4t, Freiheit<\/li>\n\n\n\n<li>Violett: Vorstellungskraft, Weisheit, Gerechtigkeit<\/li>\n<\/ul>\n\n\n\n<p>Das Erscheinungsbild symbolisiert:<br>Schutz, Verbindung, Landschaft, Positivit\u00e4t, Aufbruch, neuer Weg, Puls, Leben<\/p>\n\n\n\n<p>Insgesamt verk\u00f6rpert das Logo, dass SanVetia f\u00fcr einen neuen Weg steht und gemeinsam mit engagierten Fachpersonen, B\u00fcrger:innen, Gemeinden, Organisationen u.s.w. L\u00f6sungen erarbeiten will. Sie verbindet medizinische Kompetenz mit b\u00fcrgerschaftlichem Engagement, Transparenz und Eigenverantwortung und will bestehende Angebote wo notwendig erg\u00e4nzen und besser vernetzen. Damit soll eine eigenst\u00e4ndige und regional verankerte Gesundheitsversorgung f\u00fcr die Bev\u00f6lkerung aufgebaut werden, die von der Region mitgestaltet, mitbestimmt und getragen wird und welche den Bed\u00fcrfnissen in der Region gerecht wird.<\/p>\n","protected":false},"excerpt":{"rendered":"<p>Warum SanVetia Die SanVetia ist eine gemeinwohlorientierte Genossenschaft, die die wohnortnahe Gesundheitsversorgung langfristig sichern will. Sie wird demokratisch von ihren [&hellip;]<\/p>\n","protected":false},"author":1,"featured_media":0,"parent":0,"menu_order":0,"comment_status":"closed","ping_status":"closed","template":"","meta":{"site-sidebar-layout":"default","site-content-layout":"","ast-site-content-layout":"default","site-content-style":"default","site-sidebar-style":"default","ast-global-header-display":"","ast-banner-title-visibility":"","ast-main-header-display":"","ast-hfb-above-header-display":"","ast-hfb-below-header-display":"","ast-hfb-mobile-header-display":"","site-post-title":"disabled","ast-breadcrumbs-content":"","ast-featured-img":"","footer-sml-layout":"","ast-disable-related-posts":"","theme-transparent-header-meta":"","adv-header-id-meta":"","stick-header-meta":"","header-above-stick-meta":"","header-main-stick-meta":"","header-below-stick-meta":"","astra-migrate-meta-layouts":"default","ast-page-background-enabled":"default","ast-page-background-meta":{"desktop":{"background-color":"var(--ast-global-color-5)","background-image":"","background-repeat":"repeat","background-position":"center center","background-size":"auto","background-attachment":"scroll","background-type":"","background-media":"","overlay-type":"","overlay-color":"","overlay-opacity":"","overlay-gradient":""},"tablet":{"background-color":"","background-image":"","background-repeat":"repeat","background-position":"center center","background-size":"auto","background-attachment":"scroll","background-type":"","background-media":"","overlay-type":"","overlay-color":"","overlay-opacity":"","overlay-gradient":""},"mobile":{"background-color":"","background-image":"","background-repeat":"repeat","background-position":"center center","background-size":"auto","background-attachment":"scroll","background-type":"","background-media":"","overlay-type":"","overlay-color":"","overlay-opacity":"","overlay-gradient":""}},"ast-content-background-meta":{"desktop":{"background-color":"var(--ast-global-color-4)","background-image":"","background-repeat":"repeat","background-position":"center center","background-size":"auto","background-attachment":"scroll","background-type":"","background-media":"","overlay-type":"","overlay-color":"","overlay-opacity":"","overlay-gradient":""},"tablet":{"background-color":"var(--ast-global-color-4)","background-image":"","background-repeat":"repeat","background-position":"center center","background-size":"auto","background-attachment":"scroll","background-type":"","background-media":"","overlay-type":"","overlay-color":"","overlay-opacity":"","overlay-gradient":""},"mobile":{"background-color":"var(--ast-global-color-4)","background-image":"","background-repeat":"repeat","background-position":"center center","background-size":"auto","background-attachment":"scroll","background-type":"","background-media":"","overlay-type":"","overlay-color":"","overlay-opacity":"","overlay-gradient":""}},"footnotes":""},"class_list":["post-116","page","type-page","status-publish","hentry"],"_links":{"self":[{"href":"https:\/\/sanvetia.ch\/index.php?rest_route=\/wp\/v2\/pages\/116","targetHints":{"allow":["GET"]}}],"collection":[{"href":"https:\/\/sanvetia.ch\/index.php?rest_route=\/wp\/v2\/pages"}],"about":[{"href":"https:\/\/sanvetia.ch\/index.php?rest_route=\/wp\/v2\/types\/page"}],"author":[{"embeddable":true,"href":"https:\/\/sanvetia.ch\/index.php?rest_route=\/wp\/v2\/users\/1"}],"replies":[{"embeddable":true,"href":"https:\/\/sanvetia.ch\/index.php?rest_route=%2Fwp%2Fv2%2Fcomments&post=116"}],"version-history":[{"count":11,"href":"https:\/\/sanvetia.ch\/index.php?rest_route=\/wp\/v2\/pages\/116\/revisions"}],"predecessor-version":[{"id":754,"href":"https:\/\/sanvetia.ch\/index.php?rest_route=\/wp\/v2\/pages\/116\/revisions\/754"}],"wp:attachment":[{"href":"https:\/\/sanvetia.ch\/index.php?rest_route=%2Fwp%2Fv2%2Fmedia&parent=116"}],"curies":[{"name":"wp","href":"https:\/\/api.w.org\/{rel}","templated":true}]}}