{"id":12,"date":"2025-11-25T20:29:15","date_gmt":"2025-11-25T19:29:15","guid":{"rendered":"https:\/\/sanvetia.ch\/?page_id=12"},"modified":"2026-03-13T10:17:57","modified_gmt":"2026-03-13T09:17:57","slug":"kontakt","status":"publish","type":"page","link":"https:\/\/sanvetia.ch\/?page_id=12","title":{"rendered":"Kontakt"},"content":{"rendered":"\n<h2 class=\"wp-block-heading has-ast-global-color-3-color has-text-color has-link-color wp-elements-c712cdbf72bda0d4b5e062de710041fa\"><br>Kontakt<\/h2>\n\n\n\n<p>SanVetia lebt vom pers\u00f6nlichen Austausch. F\u00fcr R\u00fcckmeldungen, Anregungen, Fragen oder individuelle Anliegen k\u00f6nnen Mitglieder der Genossenschaftsverwaltung gerne auch direkt kontaktiert werden:<\/p>\n\n\n\n<figure class=\"wp-block-table is-style-stripes\" style=\"font-size:15px\"><table style=\"border-style:none;border-width:0px\"><tbody><tr><td>Marianne Herbst-Stauffer<br>(Pr\u00e4sidentin der Verwaltung)<\/td><td>Tel.: <a href=\"tel:41794610678\">079 461 06 78<\/a><\/td><td><\/td><td><\/td><td><\/td><\/tr><tr><td>Rosmarie Willener-Perreten<\/td><td>Tel.: <a href=\"tel:41798210467\">079 821 04 67<\/a><\/td><td><\/td><td><\/td><td><\/td><\/tr><tr><td>Franziska Kuhnen-Wittwer<\/td><td>Tel.: <a href=\"tel:41799421944\">079 942 19 44<\/a><\/td><td><\/td><td><\/td><td><\/td><\/tr><\/tbody><\/table><\/figure>\n\n\n\n<p><strong>Per E-Mail: info (@) sanvetia.ch<\/strong><\/p>\n\n\n\n<p>Postadresse:<br><strong>Genossenschaft SanVetia Gesundheitsversorgung<\/strong><br>Pfaffenried 335<br>3765 Oberwil im Simmental<\/p>\n","protected":false},"excerpt":{"rendered":"<p>Kontakt SanVetia lebt vom pers\u00f6nlichen Austausch. F\u00fcr R\u00fcckmeldungen, Anregungen, Fragen oder individuelle Anliegen k\u00f6nnen Mitglieder der Genossenschaftsverwaltung gerne auch direkt [&hellip;]<\/p>\n","protected":false},"author":1,"featured_media":0,"parent":0,"menu_order":0,"comment_status":"closed","ping_status":"closed","template":"","meta":{"site-sidebar-layout":"default","site-content-layout":"","ast-site-content-layout":"default","site-content-style":"default","site-sidebar-style":"default","ast-global-header-display":"","ast-banner-title-visibility":"","ast-main-header-display":"","ast-hfb-above-header-display":"","ast-hfb-below-header-display":"","ast-hfb-mobile-header-display":"","site-post-title":"disabled","ast-breadcrumbs-content":"","ast-featured-img":"","footer-sml-layout":"","ast-disable-related-posts":"","theme-transparent-header-meta":"","adv-header-id-meta":"","stick-header-meta":"","header-above-stick-meta":"","header-main-stick-meta":"","header-below-stick-meta":"","astra-migrate-meta-layouts":"default","ast-page-background-enabled":"default","ast-page-background-meta":{"desktop":{"background-color":"var(--ast-global-color-5)","background-image":"","background-repeat":"repeat","background-position":"center center","background-size":"auto","background-attachment":"scroll","background-type":"","background-media":"","overlay-type":"","overlay-color":"","overlay-opacity":"","overlay-gradient":""},"tablet":{"background-color":"","background-image":"","background-repeat":"repeat","background-position":"center center","background-size":"auto","background-attachment":"scroll","background-type":"","background-media":"","overlay-type":"","overlay-color":"","overlay-opacity":"","overlay-gradient":""},"mobile":{"background-color":"","background-image":"","background-repeat":"repeat","background-position":"center center","background-size":"auto","background-attachment":"scroll","background-type":"","background-media":"","overlay-type":"","overlay-color":"","overlay-opacity":"","overlay-gradient":""}},"ast-content-background-meta":{"desktop":{"background-color":"var(--ast-global-color-4)","background-image":"","background-repeat":"repeat","background-position":"center center","background-size":"auto","background-attachment":"scroll","background-type":"","background-media":"","overlay-type":"","overlay-color":"","overlay-opacity":"","overlay-gradient":""},"tablet":{"background-color":"var(--ast-global-color-4)","background-image":"","background-repeat":"repeat","background-position":"center center","background-size":"auto","background-attachment":"scroll","background-type":"","background-media":"","overlay-type":"","overlay-color":"","overlay-opacity":"","overlay-gradient":""},"mobile":{"background-color":"var(--ast-global-color-4)","background-image":"","background-repeat":"repeat","background-position":"center center","background-size":"auto","background-attachment":"scroll","background-type":"","background-media":"","overlay-type":"","overlay-color":"","overlay-opacity":"","overlay-gradient":""}},"footnotes":""},"class_list":["post-12","page","type-page","status-publish","hentry"],"_links":{"self":[{"href":"https:\/\/sanvetia.ch\/index.php?rest_route=\/wp\/v2\/pages\/12","targetHints":{"allow":["GET"]}}],"collection":[{"href":"https:\/\/sanvetia.ch\/index.php?rest_route=\/wp\/v2\/pages"}],"about":[{"href":"https:\/\/sanvetia.ch\/index.php?rest_route=\/wp\/v2\/types\/page"}],"author":[{"embeddable":true,"href":"https:\/\/sanvetia.ch\/index.php?rest_route=\/wp\/v2\/users\/1"}],"replies":[{"embeddable":true,"href":"https:\/\/sanvetia.ch\/index.php?rest_route=%2Fwp%2Fv2%2Fcomments&post=12"}],"version-history":[{"count":22,"href":"https:\/\/sanvetia.ch\/index.php?rest_route=\/wp\/v2\/pages\/12\/revisions"}],"predecessor-version":[{"id":625,"href":"https:\/\/sanvetia.ch\/index.php?rest_route=\/wp\/v2\/pages\/12\/revisions\/625"}],"wp:attachment":[{"href":"https:\/\/sanvetia.ch\/index.php?rest_route=%2Fwp%2Fv2%2Fmedia&parent=12"}],"curies":[{"name":"wp","href":"https:\/\/api.w.org\/{rel}","templated":true}]}}