{"id":125,"date":"2026-02-28T16:35:58","date_gmt":"2026-02-28T15:35:58","guid":{"rendered":"https:\/\/sanvetia.ch\/?page_id=125"},"modified":"2026-03-15T12:26:58","modified_gmt":"2026-03-15T11:26:58","slug":"marianne-herbst-stauffer","status":"publish","type":"page","link":"https:\/\/sanvetia.ch\/?page_id=125","title":{"rendered":"Marianne Herbst-Stauffer"},"content":{"rendered":"\n<h2 class=\"wp-block-heading\"><br><strong>Marianne Herbst-Stauffer<\/strong><\/h2>\n\n\n\n<p id=\"Marianne\">\u00abIch bin im Simmental aufgewachsen und erlebe seit vielen Jahren, wie eng die Entwicklung unserer Region mit einer funktionierenden medizinischen Infrastruktur verbunden ist.<\/p>\n\n\n\n<p>Seit \u00fcber 30 Jahren trage ich in unterschiedlichen Rollen Verantwortung im Gesundheitswesen und gestalte Entwicklungen aus verschiedenen Perspektiven mit. Ich kenne Strukturen, Entscheidungswege und deren Auswirkungen auf die Menschen vor Ort.<\/p>\n\n\n\n<p>Ich habe in meiner beruflichen Laufbahn erlebt, wie stark gute Strukturen Menschen entlasten k\u00f6nnen und wie belastend es wird, wenn sie fehlen. Diese Erfahrungen pr\u00e4gen meinen Blick auf unser Versorgungssystem bis heute.<\/p>\n\n\n\n<p>Umso mehr geht medizinische Versorgung f\u00fcr mich weit \u00fcber Organisation und Zahlenwerk hinaus. Sie schafft Sicherheit und Vertrauen und bildet eine zentrale Grundlage f\u00fcr Lebensqualit\u00e4t und Standortattraktivit\u00e4t.<\/p>\n\n\n\n<p>Gerade in einer l\u00e4ndlichen Region braucht es durchdachte L\u00f6sungen, die den Gegebenheiten vor Ort gerecht werden. Deshalb engagiere ich mich bei SanVetia. Ich freue mich darauf, meine Erfahrung einzubringen und gemeinsam mit Menschen aus der Region, mit Fachpersonen und weiteren Akteuren Verantwortung zu teilen und nachhaltige Strukturen f\u00fcr die Zukunft zu entwickeln.\u00bb<\/p>\n","protected":false},"excerpt":{"rendered":"<p>Marianne Herbst-Stauffer \u00abIch bin im Simmental aufgewachsen und erlebe seit vielen Jahren, wie eng die Entwicklung unserer Region mit einer [&hellip;]<\/p>\n","protected":false},"author":1,"featured_media":0,"parent":0,"menu_order":0,"comment_status":"closed","ping_status":"closed","template":"","meta":{"site-sidebar-layout":"default","site-content-layout":"","ast-site-content-layout":"default","site-content-style":"default","site-sidebar-style":"default","ast-global-header-display":"","ast-banner-title-visibility":"","ast-main-header-display":"","ast-hfb-above-header-display":"","ast-hfb-below-header-display":"","ast-hfb-mobile-header-display":"","site-post-title":"disabled","ast-breadcrumbs-content":"","ast-featured-img":"","footer-sml-layout":"","ast-disable-related-posts":"","theme-transparent-header-meta":"","adv-header-id-meta":"","stick-header-meta":"","header-above-stick-meta":"","header-main-stick-meta":"","header-below-stick-meta":"","astra-migrate-meta-layouts":"default","ast-page-background-enabled":"default","ast-page-background-meta":{"desktop":{"background-color":"var(--ast-global-color-5)","background-image":"","background-repeat":"repeat","background-position":"center center","background-size":"auto","background-attachment":"scroll","background-type":"","background-media":"","overlay-type":"","overlay-color":"","overlay-opacity":"","overlay-gradient":""},"tablet":{"background-color":"","background-image":"","background-repeat":"repeat","background-position":"center center","background-size":"auto","background-attachment":"scroll","background-type":"","background-media":"","overlay-type":"","overlay-color":"","overlay-opacity":"","overlay-gradient":""},"mobile":{"background-color":"","background-image":"","background-repeat":"repeat","background-position":"center center","background-size":"auto","background-attachment":"scroll","background-type":"","background-media":"","overlay-type":"","overlay-color":"","overlay-opacity":"","overlay-gradient":""}},"ast-content-background-meta":{"desktop":{"background-color":"var(--ast-global-color-4)","background-image":"","background-repeat":"repeat","background-position":"center center","background-size":"auto","background-attachment":"scroll","background-type":"","background-media":"","overlay-type":"","overlay-color":"","overlay-opacity":"","overlay-gradient":""},"tablet":{"background-color":"var(--ast-global-color-4)","background-image":"","background-repeat":"repeat","background-position":"center center","background-size":"auto","background-attachment":"scroll","background-type":"","background-media":"","overlay-type":"","overlay-color":"","overlay-opacity":"","overlay-gradient":""},"mobile":{"background-color":"var(--ast-global-color-4)","background-image":"","background-repeat":"repeat","background-position":"center center","background-size":"auto","background-attachment":"scroll","background-type":"","background-media":"","overlay-type":"","overlay-color":"","overlay-opacity":"","overlay-gradient":""}},"footnotes":""},"class_list":["post-125","page","type-page","status-publish","hentry"],"_links":{"self":[{"href":"https:\/\/sanvetia.ch\/index.php?rest_route=\/wp\/v2\/pages\/125","targetHints":{"allow":["GET"]}}],"collection":[{"href":"https:\/\/sanvetia.ch\/index.php?rest_route=\/wp\/v2\/pages"}],"about":[{"href":"https:\/\/sanvetia.ch\/index.php?rest_route=\/wp\/v2\/types\/page"}],"author":[{"embeddable":true,"href":"https:\/\/sanvetia.ch\/index.php?rest_route=\/wp\/v2\/users\/1"}],"replies":[{"embeddable":true,"href":"https:\/\/sanvetia.ch\/index.php?rest_route=%2Fwp%2Fv2%2Fcomments&post=125"}],"version-history":[{"count":7,"href":"https:\/\/sanvetia.ch\/index.php?rest_route=\/wp\/v2\/pages\/125\/revisions"}],"predecessor-version":[{"id":666,"href":"https:\/\/sanvetia.ch\/index.php?rest_route=\/wp\/v2\/pages\/125\/revisions\/666"}],"wp:attachment":[{"href":"https:\/\/sanvetia.ch\/index.php?rest_route=%2Fwp%2Fv2%2Fmedia&parent=125"}],"curies":[{"name":"wp","href":"https:\/\/api.w.org\/{rel}","templated":true}]}}