{"id":129,"date":"2026-02-28T16:38:52","date_gmt":"2026-02-28T15:38:52","guid":{"rendered":"https:\/\/sanvetia.ch\/?page_id=129"},"modified":"2026-03-13T10:23:39","modified_gmt":"2026-03-13T09:23:39","slug":"fraenzi-kuhnen","status":"publish","type":"page","link":"https:\/\/sanvetia.ch\/?page_id=129","title":{"rendered":"Fr\u00e4nzi Kuhnen"},"content":{"rendered":"\n<h2 class=\"wp-block-heading has-ast-global-color-3-color has-text-color has-link-color wp-elements-af09413134c099583bc3c8d353ac9798\"><br><strong>Fr\u00e4nzi Kuhnen<\/strong><\/h2>\n\n\n\n<p>\u00abMein Name ist Fr\u00e4nzi Kuhnen, aufgewachsen und wohnhaft im Simmental. Meine Lehrzeit und einige Arbeitsjahre habe ich im Saanenland absolviert. So habe ich beide T\u00e4ler und ihre Bev\u00f6lkerung kennen und lieben gelernt.<\/p>\n\n\n\n<p>Die Liebe zu meiner Heimat ist einer der Gr\u00fcnde warum ich mich f\u00fcr die Genossenschaft SanVetia engagiere. Der Respekt vor dem Erarbeiteten unserer Eltern und Grosseltern sowie der Wille eine gute Zukunft f\u00fcr meine Kinder zu erhalten, zwei weitere. Eigene Erfahrungen in Sachen Gesundheit haben mich gepr\u00e4gt und sensibilisiert. Das ist sicher mit ein Grund warum ich mich daf\u00fcr interessiere und einsetze.<\/p>\n\n\n\n<p>Der stetige Abbau unserer Gesundheitsversorgung ist f\u00fcr mich nicht akzeptabel. Damit wird eine wichtige Ader f\u00fcr die Lebensqualit\u00e4t, Attraktivit\u00e4t und Konkurrenzf\u00e4higkeit der Region gekappt.<\/p>\n\n\n\n<p>Eine \u201eRandregion\u201c werden wir genannt. Als \u201ePuls\u201c f\u00fcr uns Einheimischen und viele G\u00e4ste sehe ich es.&nbsp; Ich bin \u00fcberzeugt davon, dass es notwendig und m\u00f6glich ist gemeinsam Neues aufzubauen.\u00bb<\/p>\n","protected":false},"excerpt":{"rendered":"<p>Fr\u00e4nzi Kuhnen \u00abMein Name ist Fr\u00e4nzi Kuhnen, aufgewachsen und wohnhaft im Simmental. Meine Lehrzeit und einige Arbeitsjahre habe ich im [&hellip;]<\/p>\n","protected":false},"author":1,"featured_media":0,"parent":0,"menu_order":0,"comment_status":"closed","ping_status":"closed","template":"","meta":{"site-sidebar-layout":"default","site-content-layout":"","ast-site-content-layout":"default","site-content-style":"default","site-sidebar-style":"default","ast-global-header-display":"","ast-banner-title-visibility":"","ast-main-header-display":"","ast-hfb-above-header-display":"","ast-hfb-below-header-display":"","ast-hfb-mobile-header-display":"","site-post-title":"disabled","ast-breadcrumbs-content":"","ast-featured-img":"","footer-sml-layout":"","ast-disable-related-posts":"","theme-transparent-header-meta":"","adv-header-id-meta":"","stick-header-meta":"","header-above-stick-meta":"","header-main-stick-meta":"","header-below-stick-meta":"","astra-migrate-meta-layouts":"default","ast-page-background-enabled":"default","ast-page-background-meta":{"desktop":{"background-color":"var(--ast-global-color-5)","background-image":"","background-repeat":"repeat","background-position":"center center","background-size":"auto","background-attachment":"scroll","background-type":"","background-media":"","overlay-type":"","overlay-color":"","overlay-opacity":"","overlay-gradient":""},"tablet":{"background-color":"","background-image":"","background-repeat":"repeat","background-position":"center center","background-size":"auto","background-attachment":"scroll","background-type":"","background-media":"","overlay-type":"","overlay-color":"","overlay-opacity":"","overlay-gradient":""},"mobile":{"background-color":"","background-image":"","background-repeat":"repeat","background-position":"center center","background-size":"auto","background-attachment":"scroll","background-type":"","background-media":"","overlay-type":"","overlay-color":"","overlay-opacity":"","overlay-gradient":""}},"ast-content-background-meta":{"desktop":{"background-color":"var(--ast-global-color-4)","background-image":"","background-repeat":"repeat","background-position":"center center","background-size":"auto","background-attachment":"scroll","background-type":"","background-media":"","overlay-type":"","overlay-color":"","overlay-opacity":"","overlay-gradient":""},"tablet":{"background-color":"var(--ast-global-color-4)","background-image":"","background-repeat":"repeat","background-position":"center center","background-size":"auto","background-attachment":"scroll","background-type":"","background-media":"","overlay-type":"","overlay-color":"","overlay-opacity":"","overlay-gradient":""},"mobile":{"background-color":"var(--ast-global-color-4)","background-image":"","background-repeat":"repeat","background-position":"center center","background-size":"auto","background-attachment":"scroll","background-type":"","background-media":"","overlay-type":"","overlay-color":"","overlay-opacity":"","overlay-gradient":""}},"footnotes":""},"class_list":["post-129","page","type-page","status-publish","hentry"],"_links":{"self":[{"href":"https:\/\/sanvetia.ch\/index.php?rest_route=\/wp\/v2\/pages\/129","targetHints":{"allow":["GET"]}}],"collection":[{"href":"https:\/\/sanvetia.ch\/index.php?rest_route=\/wp\/v2\/pages"}],"about":[{"href":"https:\/\/sanvetia.ch\/index.php?rest_route=\/wp\/v2\/types\/page"}],"author":[{"embeddable":true,"href":"https:\/\/sanvetia.ch\/index.php?rest_route=\/wp\/v2\/users\/1"}],"replies":[{"embeddable":true,"href":"https:\/\/sanvetia.ch\/index.php?rest_route=%2Fwp%2Fv2%2Fcomments&post=129"}],"version-history":[{"count":6,"href":"https:\/\/sanvetia.ch\/index.php?rest_route=\/wp\/v2\/pages\/129\/revisions"}],"predecessor-version":[{"id":642,"href":"https:\/\/sanvetia.ch\/index.php?rest_route=\/wp\/v2\/pages\/129\/revisions\/642"}],"wp:attachment":[{"href":"https:\/\/sanvetia.ch\/index.php?rest_route=%2Fwp%2Fv2%2Fmedia&parent=129"}],"curies":[{"name":"wp","href":"https:\/\/api.w.org\/{rel}","templated":true}]}}