{"id":131,"date":"2026-02-28T16:40:05","date_gmt":"2026-02-28T15:40:05","guid":{"rendered":"https:\/\/sanvetia.ch\/?page_id=131"},"modified":"2026-03-13T10:23:16","modified_gmt":"2026-03-13T09:23:16","slug":"rosmarie-willener","status":"publish","type":"page","link":"https:\/\/sanvetia.ch\/?page_id=131","title":{"rendered":"Rosmarie Willener"},"content":{"rendered":"\n<h2 class=\"wp-block-heading has-ast-global-color-3-color has-text-color has-link-color wp-elements-7e5914da3a7de841e97aad5630eb971a\"><br><strong>Rosmarie Willener<\/strong><\/h2>\n\n\n\n<p>\u00abIch bin in Feutersoey aufgewachsen und ich lebe nun seit dreissig Jahren in Zweisimmen. Als heimatverbundene Familienfrau hinterfrage ich gewisse Entwicklungen kritisch. So auch bei der fragw\u00fcrdigen Situation in Teilen unserer Gesundheitsversorgung.<\/p>\n\n\n\n<p>Statt bestimmte Vorkommnisse hinzunehmen und tatenlos zuzusehen, bewegen mich mein Gerechtigkeitssinn und mein Kampfgeist zum Handeln. Ich bin \u00fcberzeugt, dass es sich lohnt gemeinsam verantwortungsvolle L\u00f6sungen f\u00fcr die Region zu erarbeiten. Denn f\u00fcr die Region und ihre Einwohner bietet eine starke, wohnortnahe medizinische Grundversorgung zahlreiche Vorteile.<\/p>\n\n\n\n<p>Daf\u00fcr engagiere ich mich gerne und mit Herzblut in der Genossenschaft SanVetia Gesundheitsversorgung und ich freue mich, wenn wir vielen Menschen aus dem Herzen sprechen und entsprechend Unterst\u00fctzung f\u00fcr unser gemeinsames Anliegen erhalten.\u00bb<\/p>\n","protected":false},"excerpt":{"rendered":"<p>Rosmarie Willener \u00abIch bin in Feutersoey aufgewachsen und ich lebe nun seit dreissig Jahren in Zweisimmen. Als heimatverbundene Familienfrau hinterfrage [&hellip;]<\/p>\n","protected":false},"author":1,"featured_media":0,"parent":0,"menu_order":0,"comment_status":"closed","ping_status":"closed","template":"","meta":{"site-sidebar-layout":"default","site-content-layout":"","ast-site-content-layout":"default","site-content-style":"default","site-sidebar-style":"default","ast-global-header-display":"","ast-banner-title-visibility":"","ast-main-header-display":"","ast-hfb-above-header-display":"","ast-hfb-below-header-display":"","ast-hfb-mobile-header-display":"","site-post-title":"disabled","ast-breadcrumbs-content":"","ast-featured-img":"","footer-sml-layout":"","ast-disable-related-posts":"","theme-transparent-header-meta":"","adv-header-id-meta":"","stick-header-meta":"","header-above-stick-meta":"","header-main-stick-meta":"","header-below-stick-meta":"","astra-migrate-meta-layouts":"default","ast-page-background-enabled":"default","ast-page-background-meta":{"desktop":{"background-color":"var(--ast-global-color-5)","background-image":"","background-repeat":"repeat","background-position":"center center","background-size":"auto","background-attachment":"scroll","background-type":"","background-media":"","overlay-type":"","overlay-color":"","overlay-opacity":"","overlay-gradient":""},"tablet":{"background-color":"","background-image":"","background-repeat":"repeat","background-position":"center center","background-size":"auto","background-attachment":"scroll","background-type":"","background-media":"","overlay-type":"","overlay-color":"","overlay-opacity":"","overlay-gradient":""},"mobile":{"background-color":"","background-image":"","background-repeat":"repeat","background-position":"center center","background-size":"auto","background-attachment":"scroll","background-type":"","background-media":"","overlay-type":"","overlay-color":"","overlay-opacity":"","overlay-gradient":""}},"ast-content-background-meta":{"desktop":{"background-color":"var(--ast-global-color-4)","background-image":"","background-repeat":"repeat","background-position":"center center","background-size":"auto","background-attachment":"scroll","background-type":"","background-media":"","overlay-type":"","overlay-color":"","overlay-opacity":"","overlay-gradient":""},"tablet":{"background-color":"var(--ast-global-color-4)","background-image":"","background-repeat":"repeat","background-position":"center center","background-size":"auto","background-attachment":"scroll","background-type":"","background-media":"","overlay-type":"","overlay-color":"","overlay-opacity":"","overlay-gradient":""},"mobile":{"background-color":"var(--ast-global-color-4)","background-image":"","background-repeat":"repeat","background-position":"center center","background-size":"auto","background-attachment":"scroll","background-type":"","background-media":"","overlay-type":"","overlay-color":"","overlay-opacity":"","overlay-gradient":""}},"footnotes":""},"class_list":["post-131","page","type-page","status-publish","hentry"],"_links":{"self":[{"href":"https:\/\/sanvetia.ch\/index.php?rest_route=\/wp\/v2\/pages\/131","targetHints":{"allow":["GET"]}}],"collection":[{"href":"https:\/\/sanvetia.ch\/index.php?rest_route=\/wp\/v2\/pages"}],"about":[{"href":"https:\/\/sanvetia.ch\/index.php?rest_route=\/wp\/v2\/types\/page"}],"author":[{"embeddable":true,"href":"https:\/\/sanvetia.ch\/index.php?rest_route=\/wp\/v2\/users\/1"}],"replies":[{"embeddable":true,"href":"https:\/\/sanvetia.ch\/index.php?rest_route=%2Fwp%2Fv2%2Fcomments&post=131"}],"version-history":[{"count":9,"href":"https:\/\/sanvetia.ch\/index.php?rest_route=\/wp\/v2\/pages\/131\/revisions"}],"predecessor-version":[{"id":641,"href":"https:\/\/sanvetia.ch\/index.php?rest_route=\/wp\/v2\/pages\/131\/revisions\/641"}],"wp:attachment":[{"href":"https:\/\/sanvetia.ch\/index.php?rest_route=%2Fwp%2Fv2%2Fmedia&parent=131"}],"curies":[{"name":"wp","href":"https:\/\/api.w.org\/{rel}","templated":true}]}}