{"id":133,"date":"2026-02-28T16:41:19","date_gmt":"2026-02-28T15:41:19","guid":{"rendered":"https:\/\/sanvetia.ch\/?page_id=133"},"modified":"2026-03-13T10:22:35","modified_gmt":"2026-03-13T09:22:35","slug":"sylvia-theis","status":"publish","type":"page","link":"https:\/\/sanvetia.ch\/?page_id=133","title":{"rendered":"Sylvia Theis"},"content":{"rendered":"\n<h2 class=\"wp-block-heading has-ast-global-color-3-color has-text-color has-link-color wp-elements-b9a06f8f3975e475bbaf4418c928eb14\"><br><strong>Sylvia Theis<\/strong><\/h2>\n\n\n\n<p>\u00abIch lebe mit meiner Familie seit \u00fcber 4 Jahren im wundersch\u00f6nen Diemtigtal.&nbsp;<\/p>\n\n\n\n<p>Das Gesundheitswesen und dessen Auswirkungen auf die Menschen in der Region liegen mir sehr am Herzen und so engagiere ich mit beruflich und privat in verschiedenen Organisationen daf\u00fcr.&nbsp;<\/p>\n\n\n\n<p>Die Gesundheitsversorgung f\u00fcr die Menschen im Berner Oberland geht uns alle an und jeder Einzelne sollte die M\u00f6glichkeit haben, seine Stimme in dieses System einzubringen und geh\u00f6rt zu werden. Diese Stimmen b\u00fcndelt die SanVetia f\u00fcr das Gebiet der Simme und Saane.<\/p>\n\n\n\n<p>Gemeinsam mit allen Akteuren bildet SanVetia eine Plattform, die sich sachlich und engagiert mit allen Interessengruppen austauschen und neue L\u00f6sungen erarbeiten wird. Ich freue mich sehr, hier unterst\u00fctzend mitwirken zu d\u00fcrfen.\u00bb<\/p>\n\n\n\n<p><\/p>\n","protected":false},"excerpt":{"rendered":"<p>Sylvia Theis \u00abIch lebe mit meiner Familie seit \u00fcber 4 Jahren im wundersch\u00f6nen Diemtigtal.&nbsp; Das Gesundheitswesen und dessen Auswirkungen auf [&hellip;]<\/p>\n","protected":false},"author":1,"featured_media":0,"parent":0,"menu_order":0,"comment_status":"closed","ping_status":"closed","template":"","meta":{"site-sidebar-layout":"default","site-content-layout":"","ast-site-content-layout":"default","site-content-style":"default","site-sidebar-style":"default","ast-global-header-display":"","ast-banner-title-visibility":"","ast-main-header-display":"","ast-hfb-above-header-display":"","ast-hfb-below-header-display":"","ast-hfb-mobile-header-display":"","site-post-title":"disabled","ast-breadcrumbs-content":"","ast-featured-img":"","footer-sml-layout":"","ast-disable-related-posts":"","theme-transparent-header-meta":"","adv-header-id-meta":"","stick-header-meta":"","header-above-stick-meta":"","header-main-stick-meta":"","header-below-stick-meta":"","astra-migrate-meta-layouts":"default","ast-page-background-enabled":"default","ast-page-background-meta":{"desktop":{"background-color":"var(--ast-global-color-5)","background-image":"","background-repeat":"repeat","background-position":"center center","background-size":"auto","background-attachment":"scroll","background-type":"","background-media":"","overlay-type":"","overlay-color":"","overlay-opacity":"","overlay-gradient":""},"tablet":{"background-color":"","background-image":"","background-repeat":"repeat","background-position":"center center","background-size":"auto","background-attachment":"scroll","background-type":"","background-media":"","overlay-type":"","overlay-color":"","overlay-opacity":"","overlay-gradient":""},"mobile":{"background-color":"","background-image":"","background-repeat":"repeat","background-position":"center center","background-size":"auto","background-attachment":"scroll","background-type":"","background-media":"","overlay-type":"","overlay-color":"","overlay-opacity":"","overlay-gradient":""}},"ast-content-background-meta":{"desktop":{"background-color":"var(--ast-global-color-4)","background-image":"","background-repeat":"repeat","background-position":"center center","background-size":"auto","background-attachment":"scroll","background-type":"","background-media":"","overlay-type":"","overlay-color":"","overlay-opacity":"","overlay-gradient":""},"tablet":{"background-color":"var(--ast-global-color-4)","background-image":"","background-repeat":"repeat","background-position":"center center","background-size":"auto","background-attachment":"scroll","background-type":"","background-media":"","overlay-type":"","overlay-color":"","overlay-opacity":"","overlay-gradient":""},"mobile":{"background-color":"var(--ast-global-color-4)","background-image":"","background-repeat":"repeat","background-position":"center center","background-size":"auto","background-attachment":"scroll","background-type":"","background-media":"","overlay-type":"","overlay-color":"","overlay-opacity":"","overlay-gradient":""}},"footnotes":""},"class_list":["post-133","page","type-page","status-publish","hentry"],"_links":{"self":[{"href":"https:\/\/sanvetia.ch\/index.php?rest_route=\/wp\/v2\/pages\/133","targetHints":{"allow":["GET"]}}],"collection":[{"href":"https:\/\/sanvetia.ch\/index.php?rest_route=\/wp\/v2\/pages"}],"about":[{"href":"https:\/\/sanvetia.ch\/index.php?rest_route=\/wp\/v2\/types\/page"}],"author":[{"embeddable":true,"href":"https:\/\/sanvetia.ch\/index.php?rest_route=\/wp\/v2\/users\/1"}],"replies":[{"embeddable":true,"href":"https:\/\/sanvetia.ch\/index.php?rest_route=%2Fwp%2Fv2%2Fcomments&post=133"}],"version-history":[{"count":10,"href":"https:\/\/sanvetia.ch\/index.php?rest_route=\/wp\/v2\/pages\/133\/revisions"}],"predecessor-version":[{"id":640,"href":"https:\/\/sanvetia.ch\/index.php?rest_route=\/wp\/v2\/pages\/133\/revisions\/640"}],"wp:attachment":[{"href":"https:\/\/sanvetia.ch\/index.php?rest_route=%2Fwp%2Fv2%2Fmedia&parent=133"}],"curies":[{"name":"wp","href":"https:\/\/api.w.org\/{rel}","templated":true}]}}