{"id":155,"date":"2026-02-28T17:34:10","date_gmt":"2026-02-28T16:34:10","guid":{"rendered":"https:\/\/sanvetia.ch\/?page_id=155"},"modified":"2026-03-13T10:19:26","modified_gmt":"2026-03-13T09:19:26","slug":"weitere-schritte-der-genossenschaft-sanvetia","status":"publish","type":"page","link":"https:\/\/sanvetia.ch\/?page_id=155","title":{"rendered":"Weitere Schritte der Genossenschaft SanVetia"},"content":{"rendered":"\n<h2 class=\"wp-block-heading has-ast-global-color-3-color has-text-color has-link-color wp-elements-3ad32e440331980001b1e08fdf36f6ec\"><br><strong>Weitere Schritte der Genossenschaft SanVetia<\/strong><\/h2>\n\n\n\n<ul class=\"wp-block-list\">\n<li>Bankkonten er\u00f6ffnen<\/li>\n\n\n\n<li>Fachpersonen und Bev\u00f6lkerung einbinden<\/li>\n\n\n\n<li>Bedarf und Versorgungsmodell definieren<\/li>\n\n\n\n<li>Anforderungen kl\u00e4ren<\/li>\n\n\n\n<li>Gespr\u00e4che und Verhandlungen mit m\u00f6glichen Partnerinstitutionen und -organisationen f\u00fchren<\/li>\n\n\n\n<li>Standort- \/ Liegenschaftsoptionen evaluieren<\/li>\n\n\n\n<li>Konzept finalisieren<\/li>\n\n\n\n<li>Kooperationsvertr\u00e4ge ausarbeiten<\/li>\n\n\n\n<li>Unterst\u00fctzungsbedarf analysieren<\/li>\n\n\n\n<li>Kapital mobilisieren<\/li>\n\n\n\n<li>Planung &amp; Bau \/ Umbau<\/li>\n\n\n\n<li>Betriebsaufnahme<\/li>\n\n\n\n<li>laufend Bev\u00f6lkerung transparent informieren<\/li>\n<\/ul>\n\n\n\n<p><\/p>\n","protected":false},"excerpt":{"rendered":"<p>Weitere Schritte der Genossenschaft SanVetia<\/p>\n","protected":false},"author":1,"featured_media":0,"parent":0,"menu_order":0,"comment_status":"closed","ping_status":"closed","template":"","meta":{"site-sidebar-layout":"default","site-content-layout":"","ast-site-content-layout":"default","site-content-style":"default","site-sidebar-style":"default","ast-global-header-display":"","ast-banner-title-visibility":"","ast-main-header-display":"","ast-hfb-above-header-display":"","ast-hfb-below-header-display":"","ast-hfb-mobile-header-display":"","site-post-title":"disabled","ast-breadcrumbs-content":"","ast-featured-img":"","footer-sml-layout":"","ast-disable-related-posts":"","theme-transparent-header-meta":"","adv-header-id-meta":"","stick-header-meta":"","header-above-stick-meta":"","header-main-stick-meta":"","header-below-stick-meta":"","astra-migrate-meta-layouts":"default","ast-page-background-enabled":"default","ast-page-background-meta":{"desktop":{"background-color":"var(--ast-global-color-5)","background-image":"","background-repeat":"repeat","background-position":"center center","background-size":"auto","background-attachment":"scroll","background-type":"","background-media":"","overlay-type":"","overlay-color":"","overlay-opacity":"","overlay-gradient":""},"tablet":{"background-color":"","background-image":"","background-repeat":"repeat","background-position":"center center","background-size":"auto","background-attachment":"scroll","background-type":"","background-media":"","overlay-type":"","overlay-color":"","overlay-opacity":"","overlay-gradient":""},"mobile":{"background-color":"","background-image":"","background-repeat":"repeat","background-position":"center center","background-size":"auto","background-attachment":"scroll","background-type":"","background-media":"","overlay-type":"","overlay-color":"","overlay-opacity":"","overlay-gradient":""}},"ast-content-background-meta":{"desktop":{"background-color":"var(--ast-global-color-4)","background-image":"","background-repeat":"repeat","background-position":"center center","background-size":"auto","background-attachment":"scroll","background-type":"","background-media":"","overlay-type":"","overlay-color":"","overlay-opacity":"","overlay-gradient":""},"tablet":{"background-color":"var(--ast-global-color-4)","background-image":"","background-repeat":"repeat","background-position":"center center","background-size":"auto","background-attachment":"scroll","background-type":"","background-media":"","overlay-type":"","overlay-color":"","overlay-opacity":"","overlay-gradient":""},"mobile":{"background-color":"var(--ast-global-color-4)","background-image":"","background-repeat":"repeat","background-position":"center center","background-size":"auto","background-attachment":"scroll","background-type":"","background-media":"","overlay-type":"","overlay-color":"","overlay-opacity":"","overlay-gradient":""}},"footnotes":""},"class_list":["post-155","page","type-page","status-publish","hentry"],"_links":{"self":[{"href":"https:\/\/sanvetia.ch\/index.php?rest_route=\/wp\/v2\/pages\/155","targetHints":{"allow":["GET"]}}],"collection":[{"href":"https:\/\/sanvetia.ch\/index.php?rest_route=\/wp\/v2\/pages"}],"about":[{"href":"https:\/\/sanvetia.ch\/index.php?rest_route=\/wp\/v2\/types\/page"}],"author":[{"embeddable":true,"href":"https:\/\/sanvetia.ch\/index.php?rest_route=\/wp\/v2\/users\/1"}],"replies":[{"embeddable":true,"href":"https:\/\/sanvetia.ch\/index.php?rest_route=%2Fwp%2Fv2%2Fcomments&post=155"}],"version-history":[{"count":7,"href":"https:\/\/sanvetia.ch\/index.php?rest_route=\/wp\/v2\/pages\/155\/revisions"}],"predecessor-version":[{"id":628,"href":"https:\/\/sanvetia.ch\/index.php?rest_route=\/wp\/v2\/pages\/155\/revisions\/628"}],"wp:attachment":[{"href":"https:\/\/sanvetia.ch\/index.php?rest_route=%2Fwp%2Fv2%2Fmedia&parent=155"}],"curies":[{"name":"wp","href":"https:\/\/api.w.org\/{rel}","templated":true}]}}