{"id":207,"date":"2026-03-01T17:05:24","date_gmt":"2026-03-01T16:05:24","guid":{"rendered":"https:\/\/sanvetia.ch\/?page_id=207"},"modified":"2026-03-16T08:40:39","modified_gmt":"2026-03-16T07:40:39","slug":"das-ziel-der-sanvetia-2","status":"publish","type":"page","link":"https:\/\/sanvetia.ch\/?page_id=207","title":{"rendered":"Das Ziel der SanVetia"},"content":{"rendered":"\n<h2 class=\"wp-block-heading\" style=\"border-style:none;border-width:0px\"><br><strong>Das Ziel der SanVetia<\/strong><\/h2>\n\n\n\n<p>Ziel der Genossenschaft SanVetia Gesundheitsversorgung ist es, bestehende Angebote wo notwendig zu erg\u00e4nzen, besser zu vernetzen und damit die wohnortnahe Gesundheitsversorgung selbstbestimmt und in Zusammenarbeit mit der Region langfristig zu sichern und weiterzuentwickeln.<br>Die Genossenschaft ist regional verankert, setzt auf die Einbindung ans\u00e4ssiger Fachpersonen sowie der Bev\u00f6lkerung und orientiert sich an den konkreten Bed\u00fcrfnissen vor Ort.<\/p>\n\n\n\n<p>Die Gr\u00fcnderinnen und Gr\u00fcnder der Genossenschaft SanVetia sind \u00fcberzeugt, dass auch die aktuellen und k\u00fcnftigen Anforderungen und Bed\u00fcrfnisse in der Gesundheitsversorgung, ein regionales Angebot an Versorgung mit An\u00e4sthesie und Operationen im Rahmen der Grundversorgung erfordern und dass dies machbar ist.<\/p>\n\n\n\n<p style=\"border-style:none;border-width:0px\">So wie regional Investitionen in Wirtschaft, Bildung, Sport, Tourismus und Kultur get\u00e4tigt werden, m\u00fcssen auch in diesem wichtigen Bereich, gute L\u00f6sungen f\u00fcr die Region selbstbestimmt und mit vereinten Kr\u00e4ften erarbeitet und damit die Versorgungssicherheit gew\u00e4hrleistet werden. Die von der aktuellen Zentralisierung speziell betroffenen, besonders verletzliche Gruppen \u2013 \u00c4ltere, chronisch Kranke, Kinder, Geb\u00e4rende \u2013 wie auch Fachpersonen verdienen Schutz und Beachtung.<\/p>\n\n\n\n<p>SanVetia sieht in der besonderen Lage der wundervollen Region zudem ein grosses Potenzial, dass bestimmte Spezialbereiche zur Unterst\u00fctzung und Tragf\u00e4higkeit der Grundversorgung beitragen k\u00f6nnen.<\/p>\n","protected":false},"excerpt":{"rendered":"<p>Das Ziel der SanVetia Ziel der Genossenschaft SanVetia Gesundheitsversorgung ist es, bestehende Angebote wo notwendig zu erg\u00e4nzen, besser zu vernetzen [&hellip;]<\/p>\n","protected":false},"author":1,"featured_media":0,"parent":0,"menu_order":0,"comment_status":"closed","ping_status":"closed","template":"","meta":{"site-sidebar-layout":"default","site-content-layout":"","ast-site-content-layout":"default","site-content-style":"default","site-sidebar-style":"default","ast-global-header-display":"","ast-banner-title-visibility":"","ast-main-header-display":"","ast-hfb-above-header-display":"","ast-hfb-below-header-display":"","ast-hfb-mobile-header-display":"","site-post-title":"disabled","ast-breadcrumbs-content":"","ast-featured-img":"","footer-sml-layout":"","ast-disable-related-posts":"","theme-transparent-header-meta":"","adv-header-id-meta":"","stick-header-meta":"","header-above-stick-meta":"","header-main-stick-meta":"","header-below-stick-meta":"","astra-migrate-meta-layouts":"default","ast-page-background-enabled":"default","ast-page-background-meta":{"desktop":{"background-color":"var(--ast-global-color-5)","background-image":"","background-repeat":"repeat","background-position":"center center","background-size":"auto","background-attachment":"scroll","background-type":"","background-media":"","overlay-type":"","overlay-color":"","overlay-opacity":"","overlay-gradient":""},"tablet":{"background-color":"","background-image":"","background-repeat":"repeat","background-position":"center center","background-size":"auto","background-attachment":"scroll","background-type":"","background-media":"","overlay-type":"","overlay-color":"","overlay-opacity":"","overlay-gradient":""},"mobile":{"background-color":"","background-image":"","background-repeat":"repeat","background-position":"center center","background-size":"auto","background-attachment":"scroll","background-type":"","background-media":"","overlay-type":"","overlay-color":"","overlay-opacity":"","overlay-gradient":""}},"ast-content-background-meta":{"desktop":{"background-color":"var(--ast-global-color-4)","background-image":"","background-repeat":"repeat","background-position":"center center","background-size":"auto","background-attachment":"scroll","background-type":"","background-media":"","overlay-type":"","overlay-color":"","overlay-opacity":"","overlay-gradient":""},"tablet":{"background-color":"var(--ast-global-color-4)","background-image":"","background-repeat":"repeat","background-position":"center center","background-size":"auto","background-attachment":"scroll","background-type":"","background-media":"","overlay-type":"","overlay-color":"","overlay-opacity":"","overlay-gradient":""},"mobile":{"background-color":"var(--ast-global-color-4)","background-image":"","background-repeat":"repeat","background-position":"center center","background-size":"auto","background-attachment":"scroll","background-type":"","background-media":"","overlay-type":"","overlay-color":"","overlay-opacity":"","overlay-gradient":""}},"footnotes":""},"class_list":["post-207","page","type-page","status-publish","hentry"],"_links":{"self":[{"href":"https:\/\/sanvetia.ch\/index.php?rest_route=\/wp\/v2\/pages\/207","targetHints":{"allow":["GET"]}}],"collection":[{"href":"https:\/\/sanvetia.ch\/index.php?rest_route=\/wp\/v2\/pages"}],"about":[{"href":"https:\/\/sanvetia.ch\/index.php?rest_route=\/wp\/v2\/types\/page"}],"author":[{"embeddable":true,"href":"https:\/\/sanvetia.ch\/index.php?rest_route=\/wp\/v2\/users\/1"}],"replies":[{"embeddable":true,"href":"https:\/\/sanvetia.ch\/index.php?rest_route=%2Fwp%2Fv2%2Fcomments&post=207"}],"version-history":[{"count":12,"href":"https:\/\/sanvetia.ch\/index.php?rest_route=\/wp\/v2\/pages\/207\/revisions"}],"predecessor-version":[{"id":738,"href":"https:\/\/sanvetia.ch\/index.php?rest_route=\/wp\/v2\/pages\/207\/revisions\/738"}],"wp:attachment":[{"href":"https:\/\/sanvetia.ch\/index.php?rest_route=%2Fwp%2Fv2%2Fmedia&parent=207"}],"curies":[{"name":"wp","href":"https:\/\/api.w.org\/{rel}","templated":true}]}}