{"id":239,"date":"2026-03-01T17:52:16","date_gmt":"2026-03-01T16:52:16","guid":{"rendered":"https:\/\/sanvetia.ch\/?page_id=239"},"modified":"2026-03-17T09:27:57","modified_gmt":"2026-03-17T08:27:57","slug":"mitwirkung","status":"publish","type":"page","link":"https:\/\/sanvetia.ch\/?page_id=239","title":{"rendered":"Mitwirkung"},"content":{"rendered":"\n<h2 class=\"wp-block-heading has-ast-global-color-3-color has-text-color has-link-color wp-elements-338ac6047968a65219411bd57b0a2424\"><br><strong>Mitwirkung<\/strong><\/h2>\n\n\n\n<p class=\"has-ast-global-color-3-color has-text-color has-link-color wp-elements-384afaaeebdcb8ee1f42514448226435\">Um die Nachfrage und den Bedarf zu analysieren und zu ermitteln was machbar ist, wollen wir in Erfahrung bringen, wie die ans\u00e4ssigen Fachpersonen und die weitere Bev\u00f6lkerung die Situation einsch\u00e4tzen. Deshalb laden wir alle Interessierten ein, folgende Fragen zu beantworten:<\/p>\n\n\n\n<ul class=\"wp-block-list\">\n<li>Welche Leistungen der Gesundheitsversorgung m\u00fcssen Ihrer Einsch\u00e4tzung nach zwingend in der Region angeboten werden?<\/li>\n\n\n\n<li>In welcher Form k\u00f6nnten und m\u00f6chten Sie die Genossenschaft SanVetia mitgestalten und\/oder unterst\u00fctzen?<\/li>\n\n\n\n<li>Welche Voraussetzungen m\u00fcssten gegeben sein, bevor Sie die Genossenschaft SanVetia mitgestalten\/unterst\u00fctzen k\u00f6nnten und m\u00f6chten?<\/li>\n\n\n\n<li>Welche R\u00fcckmeldungen\/Anregungen m\u00f6chten Sie uns sonst zukommen lassen? <\/li>\n<\/ul>\n\n\n\n<p>&gt; Die Fragen k\u00f6nnen gerne auf diesem <strong><a href=\"https:\/\/sanvetia.ch\/wp-content\/uploads\/2026\/03\/20260302-Fragebogen-Mitwirkung.pdf\" target=\"_blank\" rel=\"noreferrer noopener\">\u00abFragebogen\u00bb<\/a> per PDF<\/strong> beantwortet werden oder hier als <strong><a href=\"https:\/\/sanvetia.ch\/wp-content\/uploads\/2026\/03\/20260302-Fragebogen-Mitwirkung.docx\">\u00abWorddatei-Fragebogen\u00bb<\/a><\/strong>.<br><\/p>\n\n\n\n<p>Die R\u00fcckmeldungen werden selbstverst\u00e4ndlich vertraulich behandelt.<br><br>SanVetia lebt vom Engagement der Region. Werden Sie Genossenschafterin oder Genossenschafter, Mitgestalter: in oder Partnerorganisation. Gestalten wir gemeinsam eine Gesundheitsversorgung, die den Menschen dient. <br>Je gr\u00f6sser die Unterst\u00fctzung und je besser die Zusammenarbeit ist, umso schneller kann eine positive Ver\u00e4nderung erzielt werden.<\/p>\n\n\n\n<p>Hier finden Sie unsere <strong><a href=\"https:\/\/sanvetia.ch\/wp-content\/uploads\/2026\/03\/20260302-Beitrittserklaerung_SanVetia.pdf\" target=\"_blank\" rel=\"noreferrer noopener\">\u00abBeitrittserkl\u00e4rung\u00bb<\/a><\/strong>.<\/p>\n\n\n\n<p><\/p>\n","protected":false},"excerpt":{"rendered":"<p>Mitwirkung Um die Nachfrage und den Bedarf zu analysieren und zu ermitteln was machbar ist, wollen wir in Erfahrung bringen, [&hellip;]<\/p>\n","protected":false},"author":1,"featured_media":0,"parent":0,"menu_order":0,"comment_status":"closed","ping_status":"closed","template":"","meta":{"site-sidebar-layout":"default","site-content-layout":"","ast-site-content-layout":"default","site-content-style":"default","site-sidebar-style":"default","ast-global-header-display":"","ast-banner-title-visibility":"","ast-main-header-display":"","ast-hfb-above-header-display":"","ast-hfb-below-header-display":"","ast-hfb-mobile-header-display":"","site-post-title":"disabled","ast-breadcrumbs-content":"","ast-featured-img":"","footer-sml-layout":"","ast-disable-related-posts":"","theme-transparent-header-meta":"","adv-header-id-meta":"","stick-header-meta":"","header-above-stick-meta":"","header-main-stick-meta":"","header-below-stick-meta":"","astra-migrate-meta-layouts":"default","ast-page-background-enabled":"default","ast-page-background-meta":{"desktop":{"background-color":"var(--ast-global-color-5)","background-image":"","background-repeat":"repeat","background-position":"center center","background-size":"auto","background-attachment":"scroll","background-type":"","background-media":"","overlay-type":"","overlay-color":"","overlay-opacity":"","overlay-gradient":""},"tablet":{"background-color":"","background-image":"","background-repeat":"repeat","background-position":"center center","background-size":"auto","background-attachment":"scroll","background-type":"","background-media":"","overlay-type":"","overlay-color":"","overlay-opacity":"","overlay-gradient":""},"mobile":{"background-color":"","background-image":"","background-repeat":"repeat","background-position":"center center","background-size":"auto","background-attachment":"scroll","background-type":"","background-media":"","overlay-type":"","overlay-color":"","overlay-opacity":"","overlay-gradient":""}},"ast-content-background-meta":{"desktop":{"background-color":"var(--ast-global-color-4)","background-image":"","background-repeat":"repeat","background-position":"center center","background-size":"auto","background-attachment":"scroll","background-type":"","background-media":"","overlay-type":"","overlay-color":"","overlay-opacity":"","overlay-gradient":""},"tablet":{"background-color":"var(--ast-global-color-4)","background-image":"","background-repeat":"repeat","background-position":"center center","background-size":"auto","background-attachment":"scroll","background-type":"","background-media":"","overlay-type":"","overlay-color":"","overlay-opacity":"","overlay-gradient":""},"mobile":{"background-color":"var(--ast-global-color-4)","background-image":"","background-repeat":"repeat","background-position":"center center","background-size":"auto","background-attachment":"scroll","background-type":"","background-media":"","overlay-type":"","overlay-color":"","overlay-opacity":"","overlay-gradient":""}},"footnotes":""},"class_list":["post-239","page","type-page","status-publish","hentry"],"_links":{"self":[{"href":"https:\/\/sanvetia.ch\/index.php?rest_route=\/wp\/v2\/pages\/239","targetHints":{"allow":["GET"]}}],"collection":[{"href":"https:\/\/sanvetia.ch\/index.php?rest_route=\/wp\/v2\/pages"}],"about":[{"href":"https:\/\/sanvetia.ch\/index.php?rest_route=\/wp\/v2\/types\/page"}],"author":[{"embeddable":true,"href":"https:\/\/sanvetia.ch\/index.php?rest_route=\/wp\/v2\/users\/1"}],"replies":[{"embeddable":true,"href":"https:\/\/sanvetia.ch\/index.php?rest_route=%2Fwp%2Fv2%2Fcomments&post=239"}],"version-history":[{"count":15,"href":"https:\/\/sanvetia.ch\/index.php?rest_route=\/wp\/v2\/pages\/239\/revisions"}],"predecessor-version":[{"id":757,"href":"https:\/\/sanvetia.ch\/index.php?rest_route=\/wp\/v2\/pages\/239\/revisions\/757"}],"wp:attachment":[{"href":"https:\/\/sanvetia.ch\/index.php?rest_route=%2Fwp%2Fv2%2Fmedia&parent=239"}],"curies":[{"name":"wp","href":"https:\/\/api.w.org\/{rel}","templated":true}]}}