{"id":241,"date":"2026-03-01T17:56:23","date_gmt":"2026-03-01T16:56:23","guid":{"rendered":"https:\/\/sanvetia.ch\/?page_id=241"},"modified":"2026-03-13T10:18:57","modified_gmt":"2026-03-13T09:18:57","slug":"mitwirkung-unterstuetzung-2","status":"publish","type":"page","link":"https:\/\/sanvetia.ch\/?page_id=241","title":{"rendered":"Mitwirkung &amp; Unterst\u00fctzung"},"content":{"rendered":"\n<h2 class=\"wp-block-heading has-ast-global-color-3-color has-text-color has-link-color wp-elements-b3b67a1c510565a53db48ed1a9b55c68\"><br><strong>Unterst\u00fctzung<\/strong><\/h2>\n\n\n\n<p>Die Genossenschaft SanVetia ben\u00f6tigt f\u00fcr den Aufbau Kapital durch Anteilscheine und einmalige Verwaltungsbeitr\u00e4ge der Mitglieder aber auch Spenden, Sponsoring, Darlehen u.s.w. &nbsp;Statt Gelder abfliessen zu lassen, b\u00fcndeln wir regionale Kr\u00e4fte. Einlagen bleiben in der Region &#8211; sie st\u00e4rken was uns tr\u00e4gt, als gemeinsames Fundament und Vertrauensversprechen. Dies steht f\u00fcr Eigenverantwortung, Solidarit\u00e4t und eine Gesundheitsversorgung, die von innen herausw\u00e4chst. <br><br>Nach dem Aufbau sollen Einnahmen aus Leistungen und Projekten die Finanzierung sichern. F\u00fcr Leistungen welche im Rahmen einer ausreichenden, allen zug\u00e4nglichen medizinischen Grundversorgung durch die &nbsp;\u00f6ffentliche Hand (Krankenkassen \/ Kanton) abgedeckt werden m\u00fcssen, werden \u00f6ffentliche Gelder eingesetzt und f\u00fcr nicht \u00f6ffentlich finanzierte \u00abExtras\u00bb, welche f\u00fcr die Region aber wichtig sind, sucht die Genossenschaft eigene Finanzierungen. <br><br>F\u00fcr die finanzielle Unterst\u00fctzung werden wir die Kontoverbindungen und weitere Informationen bekanntgeben, sobald diese eingerichtet und bereitgestellt sind.<\/p>\n","protected":false},"excerpt":{"rendered":"<p>Unterst\u00fctzung Die Genossenschaft SanVetia ben\u00f6tigt f\u00fcr den Aufbau Kapital durch Anteilscheine und einmalige Verwaltungsbeitr\u00e4ge der Mitglieder aber auch Spenden, Sponsoring, [&hellip;]<\/p>\n","protected":false},"author":1,"featured_media":0,"parent":0,"menu_order":0,"comment_status":"closed","ping_status":"closed","template":"","meta":{"site-sidebar-layout":"default","site-content-layout":"","ast-site-content-layout":"default","site-content-style":"default","site-sidebar-style":"default","ast-global-header-display":"","ast-banner-title-visibility":"","ast-main-header-display":"","ast-hfb-above-header-display":"","ast-hfb-below-header-display":"","ast-hfb-mobile-header-display":"","site-post-title":"disabled","ast-breadcrumbs-content":"","ast-featured-img":"","footer-sml-layout":"","ast-disable-related-posts":"","theme-transparent-header-meta":"","adv-header-id-meta":"","stick-header-meta":"","header-above-stick-meta":"","header-main-stick-meta":"","header-below-stick-meta":"","astra-migrate-meta-layouts":"default","ast-page-background-enabled":"default","ast-page-background-meta":{"desktop":{"background-color":"var(--ast-global-color-5)","background-image":"","background-repeat":"repeat","background-position":"center center","background-size":"auto","background-attachment":"scroll","background-type":"","background-media":"","overlay-type":"","overlay-color":"","overlay-opacity":"","overlay-gradient":""},"tablet":{"background-color":"","background-image":"","background-repeat":"repeat","background-position":"center center","background-size":"auto","background-attachment":"scroll","background-type":"","background-media":"","overlay-type":"","overlay-color":"","overlay-opacity":"","overlay-gradient":""},"mobile":{"background-color":"","background-image":"","background-repeat":"repeat","background-position":"center center","background-size":"auto","background-attachment":"scroll","background-type":"","background-media":"","overlay-type":"","overlay-color":"","overlay-opacity":"","overlay-gradient":""}},"ast-content-background-meta":{"desktop":{"background-color":"var(--ast-global-color-4)","background-image":"","background-repeat":"repeat","background-position":"center center","background-size":"auto","background-attachment":"scroll","background-type":"","background-media":"","overlay-type":"","overlay-color":"","overlay-opacity":"","overlay-gradient":""},"tablet":{"background-color":"var(--ast-global-color-4)","background-image":"","background-repeat":"repeat","background-position":"center center","background-size":"auto","background-attachment":"scroll","background-type":"","background-media":"","overlay-type":"","overlay-color":"","overlay-opacity":"","overlay-gradient":""},"mobile":{"background-color":"var(--ast-global-color-4)","background-image":"","background-repeat":"repeat","background-position":"center center","background-size":"auto","background-attachment":"scroll","background-type":"","background-media":"","overlay-type":"","overlay-color":"","overlay-opacity":"","overlay-gradient":""}},"footnotes":""},"class_list":["post-241","page","type-page","status-publish","hentry"],"_links":{"self":[{"href":"https:\/\/sanvetia.ch\/index.php?rest_route=\/wp\/v2\/pages\/241","targetHints":{"allow":["GET"]}}],"collection":[{"href":"https:\/\/sanvetia.ch\/index.php?rest_route=\/wp\/v2\/pages"}],"about":[{"href":"https:\/\/sanvetia.ch\/index.php?rest_route=\/wp\/v2\/types\/page"}],"author":[{"embeddable":true,"href":"https:\/\/sanvetia.ch\/index.php?rest_route=\/wp\/v2\/users\/1"}],"replies":[{"embeddable":true,"href":"https:\/\/sanvetia.ch\/index.php?rest_route=%2Fwp%2Fv2%2Fcomments&post=241"}],"version-history":[{"count":4,"href":"https:\/\/sanvetia.ch\/index.php?rest_route=\/wp\/v2\/pages\/241\/revisions"}],"predecessor-version":[{"id":627,"href":"https:\/\/sanvetia.ch\/index.php?rest_route=\/wp\/v2\/pages\/241\/revisions\/627"}],"wp:attachment":[{"href":"https:\/\/sanvetia.ch\/index.php?rest_route=%2Fwp%2Fv2%2Fmedia&parent=241"}],"curies":[{"name":"wp","href":"https:\/\/api.w.org\/{rel}","templated":true}]}}