{"id":361,"date":"2026-03-01T22:48:29","date_gmt":"2026-03-01T21:48:29","guid":{"rendered":"https:\/\/sanvetia.ch\/?page_id=361"},"modified":"2026-03-02T19:02:23","modified_gmt":"2026-03-02T18:02:23","slug":"erich-glauser","status":"publish","type":"page","link":"https:\/\/sanvetia.ch\/?page_id=361","title":{"rendered":"Erich Glauser"},"content":{"rendered":"\n<h2 class=\"wp-block-heading has-black-color has-text-color has-link-color wp-elements-579663340fba260878a677c65605c9fc\"><br>Erich Glauser<\/h2>\n\n\n\n<p>\u00abIch war 34 Jahre als Gesch\u00e4ftsleiter in Thun t\u00e4tig. 2019 habe ich ein Haus in Eschi gekauft, umgebaut und bin in die Gemeinde Boltigen gezogen.<br>In den letzten Jahren habe ich mir viele Gedanken \u00fcber das Gesundheitswesen in unserer Region gemacht. F\u00fcr mich gibt es dabei viele offene Fragen. Manches kann ich gut nachvollziehen, anderes wiederum weniger.<br><br>Als ich angefragt wurde, bei der Gr\u00fcndung der Genossenschaft SanVetia mitzuwirken, habe ich mich entschieden mitzumachen. F\u00fcr mich ist nichts zu machen keine Option. Wir k\u00f6nnen nur etwas ver\u00e4ndern oder bewegen, wenn wir bereit sind, uns einzubringen.<br>Ich bin \u00fcberzeugt, dass mit der Gr\u00fcndung von SanVetia etwas in Bewegung kommt und wichtige Impulse f\u00fcr unsere Region gesetzt werden und hoffe sehr, dass sich noch viele Menschen anschliessen, die ebenfalls etwas bewegen wollen.<br><br>Ich danke allen, die mit viel Engagement die Genossenschaft ins Leben gerufen haben.\u00bb<\/p>\n\n\n\n<p><\/p>\n","protected":false},"excerpt":{"rendered":"<p>Erich Glauser \u00abIch war 34 Jahre als Gesch\u00e4ftsleiter in Thun t\u00e4tig. 2019 habe ich ein Haus in Eschi gekauft, umgebaut [&hellip;]<\/p>\n","protected":false},"author":1,"featured_media":0,"parent":0,"menu_order":0,"comment_status":"closed","ping_status":"closed","template":"","meta":{"site-sidebar-layout":"default","site-content-layout":"","ast-site-content-layout":"default","site-content-style":"default","site-sidebar-style":"default","ast-global-header-display":"","ast-banner-title-visibility":"","ast-main-header-display":"","ast-hfb-above-header-display":"","ast-hfb-below-header-display":"","ast-hfb-mobile-header-display":"","site-post-title":"disabled","ast-breadcrumbs-content":"","ast-featured-img":"","footer-sml-layout":"","ast-disable-related-posts":"","theme-transparent-header-meta":"","adv-header-id-meta":"","stick-header-meta":"","header-above-stick-meta":"","header-main-stick-meta":"","header-below-stick-meta":"","astra-migrate-meta-layouts":"default","ast-page-background-enabled":"default","ast-page-background-meta":{"desktop":{"background-color":"var(--ast-global-color-5)","background-image":"","background-repeat":"repeat","background-position":"center center","background-size":"auto","background-attachment":"scroll","background-type":"","background-media":"","overlay-type":"","overlay-color":"","overlay-opacity":"","overlay-gradient":""},"tablet":{"background-color":"","background-image":"","background-repeat":"repeat","background-position":"center center","background-size":"auto","background-attachment":"scroll","background-type":"","background-media":"","overlay-type":"","overlay-color":"","overlay-opacity":"","overlay-gradient":""},"mobile":{"background-color":"","background-image":"","background-repeat":"repeat","background-position":"center center","background-size":"auto","background-attachment":"scroll","background-type":"","background-media":"","overlay-type":"","overlay-color":"","overlay-opacity":"","overlay-gradient":""}},"ast-content-background-meta":{"desktop":{"background-color":"var(--ast-global-color-4)","background-image":"","background-repeat":"repeat","background-position":"center center","background-size":"auto","background-attachment":"scroll","background-type":"","background-media":"","overlay-type":"","overlay-color":"","overlay-opacity":"","overlay-gradient":""},"tablet":{"background-color":"var(--ast-global-color-4)","background-image":"","background-repeat":"repeat","background-position":"center center","background-size":"auto","background-attachment":"scroll","background-type":"","background-media":"","overlay-type":"","overlay-color":"","overlay-opacity":"","overlay-gradient":""},"mobile":{"background-color":"var(--ast-global-color-4)","background-image":"","background-repeat":"repeat","background-position":"center center","background-size":"auto","background-attachment":"scroll","background-type":"","background-media":"","overlay-type":"","overlay-color":"","overlay-opacity":"","overlay-gradient":""}},"footnotes":""},"class_list":["post-361","page","type-page","status-publish","hentry"],"_links":{"self":[{"href":"https:\/\/sanvetia.ch\/index.php?rest_route=\/wp\/v2\/pages\/361","targetHints":{"allow":["GET"]}}],"collection":[{"href":"https:\/\/sanvetia.ch\/index.php?rest_route=\/wp\/v2\/pages"}],"about":[{"href":"https:\/\/sanvetia.ch\/index.php?rest_route=\/wp\/v2\/types\/page"}],"author":[{"embeddable":true,"href":"https:\/\/sanvetia.ch\/index.php?rest_route=\/wp\/v2\/users\/1"}],"replies":[{"embeddable":true,"href":"https:\/\/sanvetia.ch\/index.php?rest_route=%2Fwp%2Fv2%2Fcomments&post=361"}],"version-history":[{"count":5,"href":"https:\/\/sanvetia.ch\/index.php?rest_route=\/wp\/v2\/pages\/361\/revisions"}],"predecessor-version":[{"id":398,"href":"https:\/\/sanvetia.ch\/index.php?rest_route=\/wp\/v2\/pages\/361\/revisions\/398"}],"wp:attachment":[{"href":"https:\/\/sanvetia.ch\/index.php?rest_route=%2Fwp%2Fv2%2Fmedia&parent=361"}],"curies":[{"name":"wp","href":"https:\/\/api.w.org\/{rel}","templated":true}]}}