{"id":99,"date":"2026-02-28T15:53:56","date_gmt":"2026-02-28T14:53:56","guid":{"rendered":"https:\/\/sanvetia.ch\/?page_id=99"},"modified":"2026-03-13T10:17:08","modified_gmt":"2026-03-13T09:17:08","slug":"die-gruendung","status":"publish","type":"page","link":"https:\/\/sanvetia.ch\/?page_id=99","title":{"rendered":"Die Gr\u00fcndung"},"content":{"rendered":"\n<h2 class=\"wp-block-heading has-ast-global-color-3-color has-text-color has-link-color wp-elements-8a3dbd404a737fe0b54f363185c00f22\"><br><strong>Die Gr\u00fcndung der Genossenschaft SanVetia Gesundheitsversorgung<\/strong><\/h2>\n\n\n\n<p>Um f\u00fcr eine verantwortungsvolle Entwicklung der Gesundheitsversorgung in der Region Simmental- Saanenland und dar\u00fcber hinaus neue Wege zu gehen, wurde am 11. Februar 2026 die Genossenschaft SanVetia Gesundheitsversorgung unter notarieller Leitung gegr\u00fcndet. Die Genossenschaft ist im Handelsregister eingetragen und somit rechtsf\u00e4hig.<br><br>Die Verwaltung der Genossenschaft besteht aus Marianne Herbst-Stauffer aus Oberwil i.S. (Vorsitz), Rosmarie Willener-Perreten aus Zweisimmen und Franziska Kuhnen-Wittwer aus St. Stephan.<\/p>\n\n\n\n<figure class=\"wp-block-image size-large\"><img loading=\"lazy\" decoding=\"async\" width=\"1024\" height=\"609\" src=\"https:\/\/sanvetia.ch\/wp-content\/uploads\/2026\/02\/Gruendungsmitglieder-der-Genossenschaft-SanVetia-Gesundheitsversorgung--1024x609.jpg\" alt=\"\" class=\"wp-image-76\" srcset=\"https:\/\/sanvetia.ch\/wp-content\/uploads\/2026\/02\/Gruendungsmitglieder-der-Genossenschaft-SanVetia-Gesundheitsversorgung--1024x609.jpg 1024w, https:\/\/sanvetia.ch\/wp-content\/uploads\/2026\/02\/Gruendungsmitglieder-der-Genossenschaft-SanVetia-Gesundheitsversorgung--300x178.jpg 300w, https:\/\/sanvetia.ch\/wp-content\/uploads\/2026\/02\/Gruendungsmitglieder-der-Genossenschaft-SanVetia-Gesundheitsversorgung--768x457.jpg 768w, https:\/\/sanvetia.ch\/wp-content\/uploads\/2026\/02\/Gruendungsmitglieder-der-Genossenschaft-SanVetia-Gesundheitsversorgung--1536x914.jpg 1536w, https:\/\/sanvetia.ch\/wp-content\/uploads\/2026\/02\/Gruendungsmitglieder-der-Genossenschaft-SanVetia-Gesundheitsversorgung--2048x1218.jpg 2048w\" sizes=\"auto, (max-width: 1024px) 100vw, 1024px\" \/><\/figure>\n\n\n\n<p>Die Gr\u00fcnderinnen und Gr\u00fcnder der Genossenschaft SanVetia Gesundheitsversorgung v.l.: Marianne Herbst Oberwil, Verena Theresia Gerber Zweisimmen, Fr\u00e4nzi Kuhnen St. Stephan, Erich Glauser Boltigen, Rosmarie Willener und Hans Willener beide Zweisimmen. Nicht auf dem Bild wegen Terminkollision: Sylvia Theis Oey-Diemtigen<\/p>\n","protected":false},"excerpt":{"rendered":"<p>Die Gr\u00fcndung der Genossenschaft SanVetia Gesundheitsversorgung Um f\u00fcr eine verantwortungsvolle Entwicklung der Gesundheitsversorgung in der Region Simmental- Saanenland und dar\u00fcber [&hellip;]<\/p>\n","protected":false},"author":1,"featured_media":0,"parent":0,"menu_order":0,"comment_status":"closed","ping_status":"closed","template":"","meta":{"site-sidebar-layout":"default","site-content-layout":"","ast-site-content-layout":"default","site-content-style":"default","site-sidebar-style":"default","ast-global-header-display":"","ast-banner-title-visibility":"","ast-main-header-display":"","ast-hfb-above-header-display":"","ast-hfb-below-header-display":"","ast-hfb-mobile-header-display":"","site-post-title":"disabled","ast-breadcrumbs-content":"","ast-featured-img":"","footer-sml-layout":"","ast-disable-related-posts":"","theme-transparent-header-meta":"","adv-header-id-meta":"","stick-header-meta":"","header-above-stick-meta":"","header-main-stick-meta":"","header-below-stick-meta":"","astra-migrate-meta-layouts":"default","ast-page-background-enabled":"default","ast-page-background-meta":{"desktop":{"background-color":"var(--ast-global-color-5)","background-image":"","background-repeat":"repeat","background-position":"center center","background-size":"auto","background-attachment":"scroll","background-type":"","background-media":"","overlay-type":"","overlay-color":"","overlay-opacity":"","overlay-gradient":""},"tablet":{"background-color":"","background-image":"","background-repeat":"repeat","background-position":"center center","background-size":"auto","background-attachment":"scroll","background-type":"","background-media":"","overlay-type":"","overlay-color":"","overlay-opacity":"","overlay-gradient":""},"mobile":{"background-color":"","background-image":"","background-repeat":"repeat","background-position":"center center","background-size":"auto","background-attachment":"scroll","background-type":"","background-media":"","overlay-type":"","overlay-color":"","overlay-opacity":"","overlay-gradient":""}},"ast-content-background-meta":{"desktop":{"background-color":"var(--ast-global-color-4)","background-image":"","background-repeat":"repeat","background-position":"center center","background-size":"auto","background-attachment":"scroll","background-type":"","background-media":"","overlay-type":"","overlay-color":"","overlay-opacity":"","overlay-gradient":""},"tablet":{"background-color":"var(--ast-global-color-4)","background-image":"","background-repeat":"repeat","background-position":"center center","background-size":"auto","background-attachment":"scroll","background-type":"","background-media":"","overlay-type":"","overlay-color":"","overlay-opacity":"","overlay-gradient":""},"mobile":{"background-color":"var(--ast-global-color-4)","background-image":"","background-repeat":"repeat","background-position":"center center","background-size":"auto","background-attachment":"scroll","background-type":"","background-media":"","overlay-type":"","overlay-color":"","overlay-opacity":"","overlay-gradient":""}},"footnotes":""},"class_list":["post-99","page","type-page","status-publish","hentry"],"_links":{"self":[{"href":"https:\/\/sanvetia.ch\/index.php?rest_route=\/wp\/v2\/pages\/99","targetHints":{"allow":["GET"]}}],"collection":[{"href":"https:\/\/sanvetia.ch\/index.php?rest_route=\/wp\/v2\/pages"}],"about":[{"href":"https:\/\/sanvetia.ch\/index.php?rest_route=\/wp\/v2\/types\/page"}],"author":[{"embeddable":true,"href":"https:\/\/sanvetia.ch\/index.php?rest_route=\/wp\/v2\/users\/1"}],"replies":[{"embeddable":true,"href":"https:\/\/sanvetia.ch\/index.php?rest_route=%2Fwp%2Fv2%2Fcomments&post=99"}],"version-history":[{"count":12,"href":"https:\/\/sanvetia.ch\/index.php?rest_route=\/wp\/v2\/pages\/99\/revisions"}],"predecessor-version":[{"id":623,"href":"https:\/\/sanvetia.ch\/index.php?rest_route=\/wp\/v2\/pages\/99\/revisions\/623"}],"wp:attachment":[{"href":"https:\/\/sanvetia.ch\/index.php?rest_route=%2Fwp%2Fv2%2Fmedia&parent=99"}],"curies":[{"name":"wp","href":"https:\/\/api.w.org\/{rel}","templated":true}]}}